{"id":82,"date":"2020-06-03T20:55:10","date_gmt":"2020-06-03T17:55:10","guid":{"rendered":"http:\/\/demo.safirtema.com\/rota\/?page_id=82"},"modified":"2025-01-16T17:16:59","modified_gmt":"2025-01-16T14:16:59","slug":"hakkimizda","status":"publish","type":"page","link":"https:\/\/beyondcivata.com.tr\/index.php\/hakkimizda\/","title":{"rendered":"Hakk\u0131m\u0131zda"},"content":{"rendered":"\n<figure class=\"wp-block-image size-full\"><img loading=\"lazy\" decoding=\"async\" width=\"1024\" height=\"768\" src=\"https:\/\/beyondcivata.com.tr\/wp-content\/uploads\/2025\/01\/5-1.jpeg\" alt=\"\" class=\"wp-image-399\" srcset=\"https:\/\/beyondcivata.com.tr\/wp-content\/uploads\/2025\/01\/5-1.jpeg 1024w, https:\/\/beyondcivata.com.tr\/wp-content\/uploads\/2025\/01\/5-1-300x225.jpeg 300w, https:\/\/beyondcivata.com.tr\/wp-content\/uploads\/2025\/01\/5-1-768x576.jpeg 768w\" sizes=\"auto, (max-width: 1024px) 100vw, 1024px\" \/><\/figure>\n\n\n\n<p>D\u00fcnyada Lider Olma Yolunda<\/p>\n\n\n\n<p>1993\u2019ten beri ba\u011flant\u0131 elemanlar\u0131 sekt\u00f6r\u00fcnde hizmet veren YONDEM\u0130R C\u0130VATA ismimizi yenileyerek, T\u00fcrkiye \u00e7ap\u0131nda oldu\u011fu gibi globalde de g\u00fcc\u00fcm\u00fcz\u00fc, varl\u0131\u011f\u0131m\u0131z\u0131 ve profesyonel i\u015f anlay\u0131\u015f\u0131m\u0131z\u0131 s\u00fcrd\u00fcrmeyi hedefliyoruz.<br>\u2018\u2019 Hayallerimizin \u00f6tesine ula\u015fmak\u2019\u2019 hedefiyle yola \u00e7\u0131kt\u0131\u011f\u0131m\u0131z aray\u0131\u015f\u0131m\u0131zda; ge\u00e7mi\u015fimize de ba\u011fl\u0131 kalarak yaratt\u0131\u011f\u0131m\u0131z BEYOND C\u0130VATA markam\u0131z ve kendimize yeni hedefler koyan yap\u0131m\u0131zla belirledi\u011fimiz \u2018\u2019Ba\u011flant\u0131n\u0131n \u00d6tesinde\u2019\u2019 slogan\u0131m\u0131zla, ilkelerimize ba\u011fl\u0131 bir \u015fekilde sizlere hizmet vermeye devam ediyoruz.<\/p>\n\n\n\n<p>Geli\u015fmi\u015f makina parkurumuz ile standart \u00fcr\u00fcnler ve \u00f6zel \u00e7\u00f6z\u00fcmler \u00fcretiyor, 50&#8217;nin \u00fczerinde makine ve 6.000 tonu a\u015fk\u0131n y\u0131ll\u0131k \u00fcretimimizle ba\u011flant\u0131 elemanlar\u0131ndaki hayallerimizi daha da \u00f6tesine ta\u015f\u0131mak i\u00e7in \u00e7al\u0131\u015f\u0131yoruz.<\/p>\n\n\n\n<p>T\u00fcrkiye pazar\u0131na hizmet verdi\u011fimiz gibi, yurtd\u0131\u015f\u0131 pazarlar\u0131nda da her ge\u00e7en g\u00fcn pazar pay\u0131m\u0131z\u0131 artt\u0131rmaya devam ediyoruz.<\/p>\n\n\n\n<h2 class=\"wp-block-heading\">Kalite Anlay\u0131\u015f\u0131m\u0131z<\/h2>\n\n\n\n<p>\u00c7ok k\u0131sa zamanda sekt\u00f6rde iddial\u0131 duruma gelmenin hakl\u0131 gururunu \u00fczerimizde ta\u015f\u0131maktay\u0131z. Fiyat uygunlu\u011fu ve d\u00fcr\u00fcst \u00e7al\u0131\u015fmay\u0131 kendisine ilke edinmi\u015f olan firmam\u0131z; TOPLAM KAL\u0130TE ANLAYI\u015eINA sad\u0131k kalarak bir \u00e7ok sekt\u00f6r\u00fcn ve sanayimizin \u00f6nde gelen firmalar\u0131 taraf\u0131ndan tercih edilmekte olup, \u00fcst\u00fcn nitelikli \u00fcr\u00fcnlerin tamam\u0131n\u0131 b\u00fcnyesindeki tecr\u00fcbeli personel kadrosu ile gerek sat\u0131\u015f sonras\u0131 hizmette gerek malzemenin taraf\u0131m\u0131za en h\u0131zl\u0131 \u015fekilde ula\u015ft\u0131r\u0131lmas\u0131 konusunda; sizleri zor durumda b\u0131rakmayacak \u015fekilde ekonomik \u00e7\u00f6z\u00fcmler \u00fcreterek tam enerji ile \u00e7al\u0131\u015fmaktad\u0131r.<\/p>\n","protected":false},"excerpt":{"rendered":"<p>D\u00fcnyada Lider Olma Yolunda 1993\u2019ten beri ba\u011flant\u0131 elemanlar\u0131 sekt\u00f6r\u00fcnde hizmet veren YONDEM\u0130R C\u0130VATA ismimizi yenileyerek, T\u00fcrkiye \u00e7ap\u0131nda oldu\u011fu gibi globalde de g\u00fcc\u00fcm\u00fcz\u00fc, varl\u0131\u011f\u0131m\u0131z\u0131 ve profesyonel i\u015f anlay\u0131\u015f\u0131m\u0131z\u0131 s\u00fcrd\u00fcrmeyi hedefliyoruz.\u2018\u2019 Hayallerimizin \u00f6tesine ula\u015fmak\u2019\u2019 hedefiyle yola \u00e7\u0131kt\u0131\u011f\u0131m\u0131z aray\u0131\u015f\u0131m\u0131zda; ge\u00e7mi\u015fimize de ba\u011fl\u0131 kalarak yaratt\u0131\u011f\u0131m\u0131z BEYOND C\u0130VATA markam\u0131z ve kendimize yeni hedefler koyan yap\u0131m\u0131zla belirledi\u011fimiz \u2018\u2019Ba\u011flant\u0131n\u0131n \u00d6tesinde\u2019\u2019 slogan\u0131m\u0131zla, ilkelerimize [&hellip;]<\/p>\n","protected":false},"author":1,"featured_media":0,"parent":0,"menu_order":0,"comment_status":"closed","ping_status":"closed","template":"","meta":{"footnotes":""},"class_list":["post-82","page","type-page","status-publish","hentry"],"_links":{"self":[{"href":"https:\/\/beyondcivata.com.tr\/index.php\/wp-json\/wp\/v2\/pages\/82","targetHints":{"allow":["GET"]}}],"collection":[{"href":"https:\/\/beyondcivata.com.tr\/index.php\/wp-json\/wp\/v2\/pages"}],"about":[{"href":"https:\/\/beyondcivata.com.tr\/index.php\/wp-json\/wp\/v2\/types\/page"}],"author":[{"embeddable":true,"href":"https:\/\/beyondcivata.com.tr\/index.php\/wp-json\/wp\/v2\/users\/1"}],"replies":[{"embeddable":true,"href":"https:\/\/beyondcivata.com.tr\/index.php\/wp-json\/wp\/v2\/comments?post=82"}],"version-history":[{"count":5,"href":"https:\/\/beyondcivata.com.tr\/index.php\/wp-json\/wp\/v2\/pages\/82\/revisions"}],"predecessor-version":[{"id":428,"href":"https:\/\/beyondcivata.com.tr\/index.php\/wp-json\/wp\/v2\/pages\/82\/revisions\/428"}],"wp:attachment":[{"href":"https:\/\/beyondcivata.com.tr\/index.php\/wp-json\/wp\/v2\/media?parent=82"}],"curies":[{"name":"wp","href":"https:\/\/api.w.org\/{rel}","templated":true}]}}