{"id":54,"date":"2020-06-03T19:36:23","date_gmt":"2020-06-03T16:36:23","guid":{"rendered":"http:\/\/demo.safirtema.com\/rota\/?page_id=54"},"modified":"2020-06-08T11:54:48","modified_gmt":"2020-06-08T08:54:48","slug":"foto-galeri-sayfali","status":"publish","type":"page","link":"https:\/\/beyondcivata.com.tr\/index.php\/foto-galeri-sayfali\/","title":{"rendered":"Foto Galeri (Sayfal\u0131)"},"content":{"rendered":"\n<p>Bu sayfada resimlerin bir galeri g\u00f6rmektesiniz. Ayn\u0131 galerinin lightbox ile a\u00e7\u0131lan haline <a href=\"https:\/\/beyondcivata.com.tr\/?page_id=68\">buradan<\/a> ula\u015fabilirsiniz.<\/p>\n\n\n\n<figure class=\"wp-block-gallery columns-3 is-cropped wp-block-gallery-1 is-layout-flex wp-block-gallery-is-layout-flex\"><ul class=\"blocks-gallery-grid\"><li class=\"blocks-gallery-item\"><figure><a href=\"https:\/\/beyondcivata.com.tr\/?attachment_id=57\"><img loading=\"lazy\" decoding=\"async\" width=\"1000\" height=\"750\" src=\"https:\/\/beyondcivata.com.tr\/wp-content\/uploads\/2020\/06\/g00001.jpg\" alt=\"\" data-id=\"57\" data-full-url=\"https:\/\/beyondcivata.com.tr\/wp-content\/uploads\/2020\/06\/g00001.jpg\" data-link=\"https:\/\/beyondcivata.com.tr\/?attachment_id=57\" class=\"wp-image-57\" srcset=\"https:\/\/beyondcivata.com.tr\/wp-content\/uploads\/2020\/06\/g00001.jpg 1000w, https:\/\/beyondcivata.com.tr\/wp-content\/uploads\/2020\/06\/g00001-300x225.jpg 300w, https:\/\/beyondcivata.com.tr\/wp-content\/uploads\/2020\/06\/g00001-768x576.jpg 768w\" sizes=\"auto, (max-width: 1000px) 100vw, 1000px\" \/><\/a><\/figure><\/li><li class=\"blocks-gallery-item\"><figure><a href=\"https:\/\/beyondcivata.com.tr\/?attachment_id=58\"><img loading=\"lazy\" decoding=\"async\" width=\"1000\" height=\"667\" src=\"https:\/\/beyondcivata.com.tr\/wp-content\/uploads\/2020\/06\/g00002.jpg\" alt=\"\" data-id=\"58\" data-full-url=\"https:\/\/beyondcivata.com.tr\/wp-content\/uploads\/2020\/06\/g00002.jpg\" data-link=\"https:\/\/beyondcivata.com.tr\/?attachment_id=58\" class=\"wp-image-58\" srcset=\"https:\/\/beyondcivata.com.tr\/wp-content\/uploads\/2020\/06\/g00002.jpg 1000w, https:\/\/beyondcivata.com.tr\/wp-content\/uploads\/2020\/06\/g00002-300x200.jpg 300w, https:\/\/beyondcivata.com.tr\/wp-content\/uploads\/2020\/06\/g00002-768x512.jpg 768w\" sizes=\"auto, (max-width: 1000px) 100vw, 1000px\" \/><\/a><\/figure><\/li><li class=\"blocks-gallery-item\"><figure><a href=\"https:\/\/beyondcivata.com.tr\/?attachment_id=59\"><img loading=\"lazy\" decoding=\"async\" width=\"1000\" height=\"589\" src=\"https:\/\/beyondcivata.com.tr\/wp-content\/uploads\/2020\/06\/g00003.jpg\" alt=\"\" data-id=\"59\" data-full-url=\"https:\/\/beyondcivata.com.tr\/wp-content\/uploads\/2020\/06\/g00003.jpg\" data-link=\"https:\/\/beyondcivata.com.tr\/?attachment_id=59\" class=\"wp-image-59\" srcset=\"https:\/\/beyondcivata.com.tr\/wp-content\/uploads\/2020\/06\/g00003.jpg 1000w, https:\/\/beyondcivata.com.tr\/wp-content\/uploads\/2020\/06\/g00003-300x177.jpg 300w, https:\/\/beyondcivata.com.tr\/wp-content\/uploads\/2020\/06\/g00003-768x452.jpg 768w\" sizes=\"auto, (max-width: 1000px) 100vw, 1000px\" \/><\/a><\/figure><\/li><li class=\"blocks-gallery-item\"><figure><a href=\"https:\/\/beyondcivata.com.tr\/?attachment_id=60\"><img loading=\"lazy\" decoding=\"async\" width=\"819\" height=\"1024\" src=\"https:\/\/beyondcivata.com.tr\/wp-content\/uploads\/2020\/06\/g00004-819x1024.jpg\" alt=\"\" data-id=\"60\" data-full-url=\"https:\/\/beyondcivata.com.tr\/wp-content\/uploads\/2020\/06\/g00004.jpg\" data-link=\"https:\/\/beyondcivata.com.tr\/?attachment_id=60\" class=\"wp-image-60\" srcset=\"https:\/\/beyondcivata.com.tr\/wp-content\/uploads\/2020\/06\/g00004-819x1024.jpg 819w, https:\/\/beyondcivata.com.tr\/wp-content\/uploads\/2020\/06\/g00004-240x300.jpg 240w, https:\/\/beyondcivata.com.tr\/wp-content\/uploads\/2020\/06\/g00004-768x960.jpg 768w, https:\/\/beyondcivata.com.tr\/wp-content\/uploads\/2020\/06\/g00004.jpg 1000w\" sizes=\"auto, (max-width: 819px) 100vw, 819px\" \/><\/a><\/figure><\/li><li class=\"blocks-gallery-item\"><figure><a href=\"https:\/\/beyondcivata.com.tr\/?attachment_id=61\"><img loading=\"lazy\" decoding=\"async\" width=\"1000\" height=\"668\" src=\"https:\/\/beyondcivata.com.tr\/wp-content\/uploads\/2020\/06\/g00005.jpg\" alt=\"\" data-id=\"61\" data-full-url=\"https:\/\/beyondcivata.com.tr\/wp-content\/uploads\/2020\/06\/g00005.jpg\" data-link=\"https:\/\/beyondcivata.com.tr\/?attachment_id=61\" class=\"wp-image-61\" srcset=\"https:\/\/beyondcivata.com.tr\/wp-content\/uploads\/2020\/06\/g00005.jpg 1000w, https:\/\/beyondcivata.com.tr\/wp-content\/uploads\/2020\/06\/g00005-300x200.jpg 300w, https:\/\/beyondcivata.com.tr\/wp-content\/uploads\/2020\/06\/g00005-768x513.jpg 768w\" sizes=\"auto, (max-width: 1000px) 100vw, 1000px\" \/><\/a><\/figure><\/li><li class=\"blocks-gallery-item\"><figure><a href=\"https:\/\/beyondcivata.com.tr\/?attachment_id=62\"><img loading=\"lazy\" decoding=\"async\" width=\"1000\" height=\"563\" src=\"https:\/\/beyondcivata.com.tr\/wp-content\/uploads\/2020\/06\/g00006.jpg\" alt=\"\" data-id=\"62\" data-full-url=\"https:\/\/beyondcivata.com.tr\/wp-content\/uploads\/2020\/06\/g00006.jpg\" data-link=\"https:\/\/beyondcivata.com.tr\/?attachment_id=62\" class=\"wp-image-62\" srcset=\"https:\/\/beyondcivata.com.tr\/wp-content\/uploads\/2020\/06\/g00006.jpg 1000w, https:\/\/beyondcivata.com.tr\/wp-content\/uploads\/2020\/06\/g00006-300x169.jpg 300w, https:\/\/beyondcivata.com.tr\/wp-content\/uploads\/2020\/06\/g00006-768x432.jpg 768w\" sizes=\"auto, (max-width: 1000px) 100vw, 1000px\" \/><\/a><\/figure><\/li><li class=\"blocks-gallery-item\"><figure><a href=\"https:\/\/beyondcivata.com.tr\/?attachment_id=63\"><img loading=\"lazy\" decoding=\"async\" width=\"1000\" height=\"667\" src=\"https:\/\/beyondcivata.com.tr\/wp-content\/uploads\/2020\/06\/g00007.jpg\" alt=\"\" data-id=\"63\" data-full-url=\"https:\/\/beyondcivata.com.tr\/wp-content\/uploads\/2020\/06\/g00007.jpg\" data-link=\"https:\/\/beyondcivata.com.tr\/?attachment_id=63\" class=\"wp-image-63\" srcset=\"https:\/\/beyondcivata.com.tr\/wp-content\/uploads\/2020\/06\/g00007.jpg 1000w, https:\/\/beyondcivata.com.tr\/wp-content\/uploads\/2020\/06\/g00007-300x200.jpg 300w, https:\/\/beyondcivata.com.tr\/wp-content\/uploads\/2020\/06\/g00007-768x512.jpg 768w\" sizes=\"auto, (max-width: 1000px) 100vw, 1000px\" \/><\/a><\/figure><\/li><li class=\"blocks-gallery-item\"><figure><a href=\"https:\/\/beyondcivata.com.tr\/?attachment_id=64\"><img loading=\"lazy\" decoding=\"async\" width=\"1000\" height=\"662\" src=\"https:\/\/beyondcivata.com.tr\/wp-content\/uploads\/2020\/06\/g00008.jpg\" alt=\"\" data-id=\"64\" data-full-url=\"https:\/\/beyondcivata.com.tr\/wp-content\/uploads\/2020\/06\/g00008.jpg\" data-link=\"https:\/\/beyondcivata.com.tr\/?attachment_id=64\" class=\"wp-image-64\" srcset=\"https:\/\/beyondcivata.com.tr\/wp-content\/uploads\/2020\/06\/g00008.jpg 1000w, https:\/\/beyondcivata.com.tr\/wp-content\/uploads\/2020\/06\/g00008-300x199.jpg 300w, https:\/\/beyondcivata.com.tr\/wp-content\/uploads\/2020\/06\/g00008-768x508.jpg 768w\" sizes=\"auto, (max-width: 1000px) 100vw, 1000px\" \/><\/a><\/figure><\/li><li class=\"blocks-gallery-item\"><figure><a href=\"https:\/\/beyondcivata.com.tr\/?attachment_id=65\"><img loading=\"lazy\" decoding=\"async\" width=\"1000\" height=\"667\" src=\"https:\/\/beyondcivata.com.tr\/wp-content\/uploads\/2020\/06\/g00009.jpg\" alt=\"\" data-id=\"65\" data-full-url=\"https:\/\/beyondcivata.com.tr\/wp-content\/uploads\/2020\/06\/g00009.jpg\" data-link=\"https:\/\/beyondcivata.com.tr\/?attachment_id=65\" class=\"wp-image-65\" srcset=\"https:\/\/beyondcivata.com.tr\/wp-content\/uploads\/2020\/06\/g00009.jpg 1000w, https:\/\/beyondcivata.com.tr\/wp-content\/uploads\/2020\/06\/g00009-300x200.jpg 300w, https:\/\/beyondcivata.com.tr\/wp-content\/uploads\/2020\/06\/g00009-768x512.jpg 768w\" sizes=\"auto, (max-width: 1000px) 100vw, 1000px\" \/><\/a><\/figure><\/li><li class=\"blocks-gallery-item\"><figure><a href=\"https:\/\/beyondcivata.com.tr\/?attachment_id=66\"><img loading=\"lazy\" decoding=\"async\" width=\"1000\" height=\"682\" src=\"https:\/\/beyondcivata.com.tr\/wp-content\/uploads\/2020\/06\/g00010.jpg\" alt=\"\" data-id=\"66\" data-full-url=\"https:\/\/beyondcivata.com.tr\/wp-content\/uploads\/2020\/06\/g00010.jpg\" data-link=\"https:\/\/beyondcivata.com.tr\/?attachment_id=66\" class=\"wp-image-66\" srcset=\"https:\/\/beyondcivata.com.tr\/wp-content\/uploads\/2020\/06\/g00010.jpg 1000w, https:\/\/beyondcivata.com.tr\/wp-content\/uploads\/2020\/06\/g00010-300x205.jpg 300w, https:\/\/beyondcivata.com.tr\/wp-content\/uploads\/2020\/06\/g00010-768x524.jpg 768w\" sizes=\"auto, (max-width: 1000px) 100vw, 1000px\" \/><\/a><\/figure><\/li><\/ul><\/figure>\n\n\n\n<p><\/p>\n","protected":false},"excerpt":{"rendered":"<p>Bu sayfada resimlerin bir galeri g\u00f6rmektesiniz. Ayn\u0131 galerinin lightbox ile a\u00e7\u0131lan haline buradan ula\u015fabilirsiniz.<\/p>\n","protected":false},"author":1,"featured_media":0,"parent":0,"menu_order":0,"comment_status":"closed","ping_status":"closed","template":"","meta":{"footnotes":""},"class_list":["post-54","page","type-page","status-publish","hentry"],"_links":{"self":[{"href":"https:\/\/beyondcivata.com.tr\/index.php\/wp-json\/wp\/v2\/pages\/54","targetHints":{"allow":["GET"]}}],"collection":[{"href":"https:\/\/beyondcivata.com.tr\/index.php\/wp-json\/wp\/v2\/pages"}],"about":[{"href":"https:\/\/beyondcivata.com.tr\/index.php\/wp-json\/wp\/v2\/types\/page"}],"author":[{"embeddable":true,"href":"https:\/\/beyondcivata.com.tr\/index.php\/wp-json\/wp\/v2\/users\/1"}],"replies":[{"embeddable":true,"href":"https:\/\/beyondcivata.com.tr\/index.php\/wp-json\/wp\/v2\/comments?post=54"}],"version-history":[{"count":5,"href":"https:\/\/beyondcivata.com.tr\/index.php\/wp-json\/wp\/v2\/pages\/54\/revisions"}],"predecessor-version":[{"id":74,"href":"https:\/\/beyondcivata.com.tr\/index.php\/wp-json\/wp\/v2\/pages\/54\/revisions\/74"}],"wp:attachment":[{"href":"https:\/\/beyondcivata.com.tr\/index.php\/wp-json\/wp\/v2\/media?parent=54"}],"curies":[{"name":"wp","href":"https:\/\/api.w.org\/{rel}","templated":true}]}}