{"id":50,"date":"2020-06-03T19:31:58","date_gmt":"2020-06-03T16:31:58","guid":{"rendered":"http:\/\/demo.safirtema.com\/rota\/?page_id=50"},"modified":"2025-01-29T15:24:07","modified_gmt":"2025-01-29T12:24:07","slug":"online-katalog","status":"publish","type":"page","link":"https:\/\/beyondcivata.com.tr\/index.php\/online-katalog\/","title":{"rendered":"Online Katalog"},"content":{"rendered":"\n<div data-wp-interactive=\"core\/file\" class=\"wp-block-file\"><object data-wp-bind--hidden=\"!state.hasPdfPreview\" hidden class=\"wp-block-file__embed\" data=\"https:\/\/beyondcivata.com.tr\/wp-content\/uploads\/2025\/01\/BEYOND-CIVATA-13.01.2025-FIYAT-LISTESI_compressed-1.pdf\" type=\"application\/pdf\" style=\"width:100%;height:600px\" aria-label=\"BEYOND C\u0130VATA 13.01.2025 F\u0130YAT L\u0130STES\u0130_compressed (1) g\u00f6m\u00fcs\u00fc.\"><\/object><a id=\"wp-block-file--media-3eb669eb-ac2b-4ae0-841a-2576f2939231\" href=\"https:\/\/beyondcivata.com.tr\/wp-content\/uploads\/2025\/01\/BEYOND-CIVATA-13.01.2025-FIYAT-LISTESI_compressed-1.pdf\">BEYOND C\u0130VATA 13.01.2025 F\u0130YAT L\u0130STES\u0130_compressed (1)<\/a><a href=\"https:\/\/beyondcivata.com.tr\/wp-content\/uploads\/2025\/01\/BEYOND-CIVATA-13.01.2025-FIYAT-LISTESI_compressed-1.pdf\" class=\"wp-block-file__button wp-element-button\" download aria-describedby=\"wp-block-file--media-3eb669eb-ac2b-4ae0-841a-2576f2939231\">\u0130ndir<\/a><\/div>\n","protected":false},"excerpt":{"rendered":"","protected":false},"author":1,"featured_media":0,"parent":0,"menu_order":0,"comment_status":"closed","ping_status":"closed","template":"pages\/page-full.php","meta":{"footnotes":""},"class_list":["post-50","page","type-page","status-publish","hentry"],"_links":{"self":[{"href":"https:\/\/beyondcivata.com.tr\/index.php\/wp-json\/wp\/v2\/pages\/50","targetHints":{"allow":["GET"]}}],"collection":[{"href":"https:\/\/beyondcivata.com.tr\/index.php\/wp-json\/wp\/v2\/pages"}],"about":[{"href":"https:\/\/beyondcivata.com.tr\/index.php\/wp-json\/wp\/v2\/types\/page"}],"author":[{"embeddable":true,"href":"https:\/\/beyondcivata.com.tr\/index.php\/wp-json\/wp\/v2\/users\/1"}],"replies":[{"embeddable":true,"href":"https:\/\/beyondcivata.com.tr\/index.php\/wp-json\/wp\/v2\/comments?post=50"}],"version-history":[{"count":3,"href":"https:\/\/beyondcivata.com.tr\/index.php\/wp-json\/wp\/v2\/pages\/50\/revisions"}],"predecessor-version":[{"id":459,"href":"https:\/\/beyondcivata.com.tr\/index.php\/wp-json\/wp\/v2\/pages\/50\/revisions\/459"}],"wp:attachment":[{"href":"https:\/\/beyondcivata.com.tr\/index.php\/wp-json\/wp\/v2\/media?parent=50"}],"curies":[{"name":"wp","href":"https:\/\/api.w.org\/{rel}","templated":true}]}}