{"id":23,"date":"2020-06-03T13:20:43","date_gmt":"2020-06-03T10:20:43","guid":{"rendered":"http:\/\/demo.safirtema.com\/rota\/?page_id=23"},"modified":"2025-02-19T16:31:31","modified_gmt":"2025-02-19T13:31:31","slug":"cozum-ortaklari","status":"publish","type":"page","link":"https:\/\/beyondcivata.com.tr\/index.php\/cozum-ortaklari\/","title":{"rendered":"\u00c7\u00f6z\u00fcm Ortaklar\u0131"},"content":{"rendered":"\n<figure class=\"wp-block-gallery has-nested-images columns-default is-cropped wp-block-gallery-1 is-layout-flex wp-block-gallery-is-layout-flex\">\n<figure class=\"wp-block-image size-full\"><img loading=\"lazy\" decoding=\"async\" width=\"300\" height=\"170\" data-id=\"368\" src=\"https:\/\/beyondcivata.com.tr\/wp-content\/uploads\/2025\/01\/5.jpeg\" alt=\"\" class=\"wp-image-368\"\/><\/figure>\n\n\n\n<figure class=\"wp-block-image size-full\"><img loading=\"lazy\" decoding=\"async\" width=\"300\" height=\"170\" data-id=\"364\" src=\"https:\/\/beyondcivata.com.tr\/wp-content\/uploads\/2025\/01\/4-2.jpg\" alt=\"\" class=\"wp-image-364\"\/><\/figure>\n\n\n\n<figure class=\"wp-block-image size-full\"><img loading=\"lazy\" decoding=\"async\" width=\"300\" height=\"170\" data-id=\"367\" src=\"https:\/\/beyondcivata.com.tr\/wp-content\/uploads\/2025\/01\/1.jpeg\" alt=\"\" class=\"wp-image-367\"\/><\/figure>\n\n\n\n<figure class=\"wp-block-image size-full\"><img loading=\"lazy\" decoding=\"async\" width=\"2310\" height=\"436\" data-id=\"461\" src=\"https:\/\/beyondcivata.com.tr\/wp-content\/uploads\/2025\/02\/KromanCelik_Logo.png\" alt=\"\" class=\"wp-image-461\" srcset=\"https:\/\/beyondcivata.com.tr\/wp-content\/uploads\/2025\/02\/KromanCelik_Logo.png 2310w, https:\/\/beyondcivata.com.tr\/wp-content\/uploads\/2025\/02\/KromanCelik_Logo-300x57.png 300w, https:\/\/beyondcivata.com.tr\/wp-content\/uploads\/2025\/02\/KromanCelik_Logo-1024x193.png 1024w, https:\/\/beyondcivata.com.tr\/wp-content\/uploads\/2025\/02\/KromanCelik_Logo-768x145.png 768w, https:\/\/beyondcivata.com.tr\/wp-content\/uploads\/2025\/02\/KromanCelik_Logo-1536x290.png 1536w, https:\/\/beyondcivata.com.tr\/wp-content\/uploads\/2025\/02\/KromanCelik_Logo-2048x387.png 2048w\" sizes=\"auto, (max-width: 2310px) 100vw, 2310px\" \/><\/figure>\n\n\n\n<figure class=\"wp-block-image size-full\"><img loading=\"lazy\" decoding=\"async\" width=\"300\" height=\"150\" data-id=\"463\" src=\"https:\/\/beyondcivata.com.tr\/wp-content\/uploads\/2025\/02\/diler-logo.webp\" alt=\"\" class=\"wp-image-463\"\/><\/figure>\n\n\n\n<figure class=\"wp-block-image size-full\"><img loading=\"lazy\" decoding=\"async\" width=\"200\" height=\"200\" data-id=\"464\" src=\"https:\/\/beyondcivata.com.tr\/wp-content\/uploads\/2025\/02\/ege_celik_endustrisi_san_ve_tic_a_s_logo.jpeg\" alt=\"\" class=\"wp-image-464\" srcset=\"https:\/\/beyondcivata.com.tr\/wp-content\/uploads\/2025\/02\/ege_celik_endustrisi_san_ve_tic_a_s_logo.jpeg 200w, https:\/\/beyondcivata.com.tr\/wp-content\/uploads\/2025\/02\/ege_celik_endustrisi_san_ve_tic_a_s_logo-150x150.jpeg 150w\" sizes=\"auto, (max-width: 200px) 100vw, 200px\" \/><\/figure>\n\n\n\n<figure class=\"wp-block-image size-full\"><img loading=\"lazy\" decoding=\"async\" width=\"179\" height=\"50\" data-id=\"466\" src=\"https:\/\/beyondcivata.com.tr\/wp-content\/uploads\/2025\/02\/logo-6.png\" alt=\"\" class=\"wp-image-466\"\/><\/figure>\n\n\n\n<figure class=\"wp-block-image size-full\"><img loading=\"lazy\" decoding=\"async\" width=\"763\" height=\"306\" data-id=\"467\" src=\"https:\/\/beyondcivata.com.tr\/wp-content\/uploads\/2025\/02\/145719.jpg\" alt=\"\" class=\"wp-image-467\" srcset=\"https:\/\/beyondcivata.com.tr\/wp-content\/uploads\/2025\/02\/145719.jpg 763w, https:\/\/beyondcivata.com.tr\/wp-content\/uploads\/2025\/02\/145719-300x120.jpg 300w\" sizes=\"auto, (max-width: 763px) 100vw, 763px\" \/><\/figure>\n<\/figure>\n","protected":false},"excerpt":{"rendered":"","protected":false},"author":1,"featured_media":0,"parent":0,"menu_order":0,"comment_status":"closed","ping_status":"closed","template":"pages\/page-references.php","meta":{"footnotes":""},"class_list":["post-23","page","type-page","status-publish","hentry"],"_links":{"self":[{"href":"https:\/\/beyondcivata.com.tr\/index.php\/wp-json\/wp\/v2\/pages\/23","targetHints":{"allow":["GET"]}}],"collection":[{"href":"https:\/\/beyondcivata.com.tr\/index.php\/wp-json\/wp\/v2\/pages"}],"about":[{"href":"https:\/\/beyondcivata.com.tr\/index.php\/wp-json\/wp\/v2\/types\/page"}],"author":[{"embeddable":true,"href":"https:\/\/beyondcivata.com.tr\/index.php\/wp-json\/wp\/v2\/users\/1"}],"replies":[{"embeddable":true,"href":"https:\/\/beyondcivata.com.tr\/index.php\/wp-json\/wp\/v2\/comments?post=23"}],"version-history":[{"count":7,"href":"https:\/\/beyondcivata.com.tr\/index.php\/wp-json\/wp\/v2\/pages\/23\/revisions"}],"predecessor-version":[{"id":468,"href":"https:\/\/beyondcivata.com.tr\/index.php\/wp-json\/wp\/v2\/pages\/23\/revisions\/468"}],"wp:attachment":[{"href":"https:\/\/beyondcivata.com.tr\/index.php\/wp-json\/wp\/v2\/media?parent=23"}],"curies":[{"name":"wp","href":"https:\/\/api.w.org\/{rel}","templated":true}]}}